{"id":1934,"date":"2021-09-03T10:32:43","date_gmt":"2021-09-03T07:32:43","guid":{"rendered":"https:\/\/test.juniorijouset.fi\/?page_id=1934"},"modified":"2023-09-01T12:17:24","modified_gmt":"2023-09-01T09:17:24","slug":"orkesteri","status":"publish","type":"page","link":"https:\/\/test.juniorijouset.fi\/?page_id=1934","title":{"rendered":"Orkesteri"},"content":{"rendered":"<style>\/*! elementor - v3.16.0 - 23-08-2023 *\/\n.elementor-heading-title{padding:0;margin:0;line-height:1}.elementor-widget-heading .elementor-heading-title[class*=elementor-size-]>a{color:inherit;font-size:inherit;line-height:inherit}.elementor-widget-heading .elementor-heading-title.elementor-size-small{font-size:15px}.elementor-widget-heading .elementor-heading-title.elementor-size-medium{font-size:19px}.elementor-widget-heading .elementor-heading-title.elementor-size-large{font-size:29px}.elementor-widget-heading .elementor-heading-title.elementor-size-xl{font-size:39px}.elementor-widget-heading .elementor-heading-title.elementor-size-xxl{font-size:59px}<\/style>\n<h2>Orkesteri<\/h2>\n<p>Helsingin Juniorijouset (The Helsinki Strings) on maailmanmaineeseen noussut jousiorkesteri, johon kuuluu viitisenkymment\u00e4 10 &#8211; 20 -vuotiasta\u00a0<a href=\"http:\/\/www.ihmo.fi\/\" target=\"_blank\" rel=\"noopener\">It\u00e4-Helsingin musiikkiopiston<\/a>\u00a0ja\u00a0<a href=\"http:\/\/www.siba.fi\/fi\/\" target=\"_blank\" rel=\"noopener\">Sibelius-Akatemian<\/a>\u00a0soittajaa. Juniorijousten perustajat (1972) ja pitk\u00e4aikaiset johtajat ovat\u00a0<strong>Csaba ja G\u00e9za Szilvay<\/strong>, jotka siirtyiv\u00e4t el\u00e4kkeelle vuonna 2010. Lukuvuoden 2010 \u2013 2011 Juniorijousia johti\u00a0<strong>Pirkko Simojoki<\/strong>, ja vuosina 2011-2022 <strong>Jukka Rantam\u00e4ki<\/strong>.<\/p>\n<style>\/*! elementor - v3.16.0 - 23-08-2023 *\/\n.elementor-widget-image{text-align:center}.elementor-widget-image a{display:inline-block}.elementor-widget-image a img[src$=\".svg\"]{width:48px}.elementor-widget-image img{vertical-align:middle;display:inline-block}<\/style>\n<p>\t\t\t\t\t\t\t\t\t\t\t\t<img decoding=\"async\" src=\"https:\/\/test.juniorijouset.fi\/wp-content\/uploads\/elementor\/thumbs\/Junkkarit-qbriupyiiibmu6j2cunrxr4z3ega2fwyltzli69beo.png\" title=\"Junkkarit\" alt=\"Junkkarit\" loading=\"lazy\" \/>\t\t\t\t\t\t\t\t\t\t\t\t\t\t\t<\/p>\n<p>Helsingin Juniorijouset\/Helsinki Strings on It\u00e4-Helsingin musiikkiopistossa kehitettyyn Colourstrings-opetukseen perustuvan kolmiportaisen orkesterikoulutuksen huippu, jonne soittajat nousevat Viikariorkesterin ja Helsingin Lapsijouset -orkesterin kautta. Viikareita johtaa\u00a0<strong>Yvonne Frye<\/strong>\u00a0ja Lapsijousia Jukka Rantam\u00e4ki.<\/p>\n<p><strong>Helsingin Juniorijouset (The Helsinki Strings)<\/strong><br \/>on tehnyt nelj\u00e4kymment\u00e4 kansainv\u00e4lisesti kiitetty\u00e4 \u00e4\u00e4nilevy\u00e4 Finlandia Records ja Warner Classics -levymerkeille. Juniorijousten yli seitsem\u00e4st\u00e4kymmenest\u00e4 televisio-ohjelmasta \u201dViuluviikarit Musiikkimaassa\u201d -sarja on k\u00e4\u00e4nteentekev\u00e4sti vaikuttanut Suomen musiikkikasvatukseen. Helsingin Juniorijousten j\u00e4senist\u00e4 on kasvanut satoja ammattimuusikoita \u2013 kansainv\u00e4lisen tason solisteja, kamari- ja orkesterimuusikoita, konserttimestareita, kapellimestareita, jousisoiton opettajia ja muita musiikkialan ammattilaisia.<\/p>\n<p>Kotimaan lis\u00e4ksi orkesteri on konsertoinut Alankomaissa, Belgiassa, Eestiss\u00e4, Etel\u00e4-Koreassa, F\u00e4rsaarilla, Hongkongissa, Irlannissa, Isossa-Britanniassa, Italiassa, It\u00e4vallassa, Japanissa, Kanadassa, Kiinassa, Latviassa, Macaossa, Norjassa, Ranskassa, Ruotsissa, Saksassa, Sveitsiss\u00e4, Taiwanissa, Tanskassa, Tshekin tasavallassa, Unkarissa, Ven\u00e4j\u00e4ll\u00e4 ja Yhdysvalloissa. Helsingin Juniorijouset on osoittanut, ett\u00e4 syv\u00e4sti vaikuttava musiikkikasvatus ja korkeatasoinen esitt\u00e4v\u00e4 taide voidaan yhdist\u00e4\u00e4 toisiinsa. Orkesterin konsertti- ja koulutustoiminta on tehnyt tunnetuksi Suomea, suomalaista musiikkia ja jousipedagogiikkaa eri puolilla maailmaa.<\/p>\n<p>Helsingin Juniorijouset kiitt\u00e4\u00e4 Opetus- ja kulttuuriministeri\u00f6t\u00e4 ja monia suomalaisia s\u00e4\u00e4ti\u00f6it\u00e4 ja rahastoja sek\u00e4 yrityksi\u00e4, muita yhteis\u00f6j\u00e4 ja yksityishenkil\u00f6it\u00e4 orkesterin toiminnan jatkuvasta tukemisesta. Opetusministeri\u00f6 on nimennyt Helsingin Juniorijouset \u201dSuomen Nuori Kulttuuril\u00e4hettil\u00e4s\u201d -ryhm\u00e4ksi.<\/p>\n<p>\t\t\t\t\t\t\t\t\t\t\t\t\t\t\t<img decoding=\"async\" src=\"https:\/\/test.juniorijouset.fi\/wp-content\/uploads\/elementor\/thumbs\/HJJ-kuva1-qbrhe06d805pph3p6kc0lk1bqga7djmwcwu9kif6dc.png\" title=\"HJJ kuva1\" alt=\"HJJ kuva1\" loading=\"lazy\" \/>\t\t\t\t\t\t\t\t\t\t\t\t\t\t\t<\/p>\n<p>Helsingin Juniorijousten aloittama ty\u00f6 jousipedagogiikan kehitt\u00e4miseksi ja nuoriso-orkesterikulttuurin rakentamiseksi tunnetaan ja sit\u00e4 arvostetaan kaikkialla maailmassa. Nuorten taiteilijoiden kasvattajat uskovat, ett\u00e4 my\u00f6s lapsisoittajat pystyv\u00e4t absoluuttisesti mitattavan taiteen luomiseen. Helsingin Juniorijousten konserteilla ja demonstraatioilla on ollut se vaikutus, ett\u00e4 monissa maissa lapsiorkesterit, jotka aikaisemmin rikastuttivat p\u00e4\u00e4asiassa koulujuhlien ohjelmistoa, ovat p\u00e4\u00e4sseet konserttisalien lavoille tavallaan kuin uutena esiintyj\u00e4kategoriana.<\/p>\n<p>Lapset ja nuoret voivat aktiivisesti osallistua kansalliseen kulttuuriel\u00e4m\u00e4\u00e4n tulkitessaan omalle henkiselle maailmalleen sopivia, etup\u00e4\u00e4ss\u00e4 kansallisia s\u00e4velteoksia. T\u00e4ss\u00e4 uraauurtavassa ty\u00f6ss\u00e4 orkesteri odottaa ja pyyt\u00e4\u00e4kin apua s\u00e4velt\u00e4jilt\u00e4 ja p\u00e4\u00e4tt\u00e4jilt\u00e4.<\/p>\n<p>Er\u00e4s orkesterin t\u00e4rkeit\u00e4 p\u00e4\u00e4m\u00e4\u00e4ri\u00e4 on innostaa lapsia. Se haluaa toiminnallaan saada vanhemmat, pedagogit ja p\u00e4\u00e4tt\u00e4j\u00e4t vakuuttuneiksi siit\u00e4, ett\u00e4 yhteenkuuluvuutta tuntevien soittajien kasvattaminen on taidepedagogiikan t\u00e4rkein velvollisuus &#8211; ei ainoastaan ammatillisesta, vaan kansallisesta ja kansainv\u00e4lisest\u00e4kin n\u00e4k\u00f6kulmasta katsoen. Vain yhteis\u00f6st\u00e4 nouseva yksil\u00f6 voi kehitty\u00e4 sellaiseksi taiteilijaksi, joka pystyy antamaan taiteensa yhteiskunnalle ja on n\u00e4in osana taiteen p\u00e4\u00e4m\u00e4\u00e4r\u00e4n t\u00e4yttymisess\u00e4.\u00a0<strong>Zolt\u00e1n Kod\u00e1ly<\/strong>\u00a0on sanonut:<\/p>\n<p><em>\u201dLahjakkuus ei kuulu omistajalleen yksin, vaan my\u00f6s muille h\u00e4nen ymp\u00e4rill\u00e4\u00e4n. Mutta lahjakas ihminen voi kokea, etteiv\u00e4t h\u00e4nen lahjansa v\u00e4hene, vaikka h\u00e4n kaksin k\u00e4sin niit\u00e4 jakaisi, vaan p\u00e4in vastoin lis\u00e4\u00e4ntyv\u00e4t.\u201d<\/em><\/p>\n<p>\u00a0<\/p>\n","protected":false},"excerpt":{"rendered":"<p>Orkesteri Helsingin Juniorijouset (The Helsinki Strings) on maailmanmaineeseen noussut jousiorkesteri, johon kuuluu viitisenkymment\u00e4 10 &#8211; 20 -vuotiasta\u00a0It\u00e4-Helsingin musiikkiopiston\u00a0ja\u00a0Sibelius-Akatemian\u00a0soittajaa. Juniorijousten perustajat (1972) ja pitk\u00e4aikaiset johtajat ovat\u00a0Csaba ja G\u00e9za Szilvay, jotka siirtyiv\u00e4t el\u00e4kkeelle vuonna 2010. Lukuvuoden 2010 \u2013 2011 Juniorijousia johti\u00a0Pirkko Simojoki, ja vuosina 2011-2022 Jukka Rantam\u00e4ki. Helsingin Juniorijouset\/Helsinki Strings on It\u00e4-Helsingin musiikkiopistossa kehitettyyn Colourstrings-opetukseen perustuvan kolmiportaisen [&hellip;]<\/p>\n","protected":false},"author":156753792,"featured_media":0,"parent":686,"menu_order":0,"comment_status":"closed","ping_status":"closed","template":"","meta":{"footnotes":""},"_links":{"self":[{"href":"https:\/\/test.juniorijouset.fi\/index.php?rest_route=\/wp\/v2\/pages\/1934"}],"collection":[{"href":"https:\/\/test.juniorijouset.fi\/index.php?rest_route=\/wp\/v2\/pages"}],"about":[{"href":"https:\/\/test.juniorijouset.fi\/index.php?rest_route=\/wp\/v2\/types\/page"}],"author":[{"embeddable":true,"href":"https:\/\/test.juniorijouset.fi\/index.php?rest_route=\/wp\/v2\/users\/156753792"}],"replies":[{"embeddable":true,"href":"https:\/\/test.juniorijouset.fi\/index.php?rest_route=%2Fwp%2Fv2%2Fcomments&post=1934"}],"version-history":[{"count":119,"href":"https:\/\/test.juniorijouset.fi\/index.php?rest_route=\/wp\/v2\/pages\/1934\/revisions"}],"predecessor-version":[{"id":9039,"href":"https:\/\/test.juniorijouset.fi\/index.php?rest_route=\/wp\/v2\/pages\/1934\/revisions\/9039"}],"up":[{"embeddable":true,"href":"https:\/\/test.juniorijouset.fi\/index.php?rest_route=\/wp\/v2\/pages\/686"}],"wp:attachment":[{"href":"https:\/\/test.juniorijouset.fi\/index.php?rest_route=%2Fwp%2Fv2%2Fmedia&parent=1934"}],"curies":[{"name":"wp","href":"https:\/\/api.w.org\/{rel}","templated":true}]}}