{"id":1937,"date":"2021-09-03T10:33:04","date_gmt":"2021-09-03T07:33:04","guid":{"rendered":"https:\/\/test.juniorijouset.fi\/?page_id=1937"},"modified":"2023-09-04T14:54:14","modified_gmt":"2023-09-04T11:54:14","slug":"kapellimestarit","status":"publish","type":"page","link":"https:\/\/test.juniorijouset.fi\/?page_id=1937","title":{"rendered":"Kapellimestarit"},"content":{"rendered":"<style>\/*! elementor - v3.16.0 - 31-08-2023 *\/\n.elementor-heading-title{padding:0;margin:0;line-height:1}.elementor-widget-heading .elementor-heading-title[class*=elementor-size-]>a{color:inherit;font-size:inherit;line-height:inherit}.elementor-widget-heading .elementor-heading-title.elementor-size-small{font-size:15px}.elementor-widget-heading .elementor-heading-title.elementor-size-medium{font-size:19px}.elementor-widget-heading .elementor-heading-title.elementor-size-large{font-size:29px}.elementor-widget-heading .elementor-heading-title.elementor-size-xl{font-size:39px}.elementor-widget-heading .elementor-heading-title.elementor-size-xxl{font-size:59px}<\/style>\n<h2>Kapellimestarit<\/h2>\n<style>\/*! elementor - v3.16.0 - 31-08-2023 *\/\n.elementor-widget-image{text-align:center}.elementor-widget-image a{display:inline-block}.elementor-widget-image a img[src$=\".svg\"]{width:48px}.elementor-widget-image img{vertical-align:middle;display:inline-block}<\/style>\n<p>\t\t\t\t\t\t\t\t\t\t\t\t<img decoding=\"async\" width=\"640\" height=\"381\" src=\"https:\/\/test.juniorijouset.fi\/wp-content\/uploads\/2023\/09\/HJJ-Kasmir-768x457.png\" alt=\"\" loading=\"lazy\" srcset=\"https:\/\/test.juniorijouset.fi\/wp-content\/uploads\/2023\/09\/HJJ-Kasmir-768x457.png 768w, https:\/\/test.juniorijouset.fi\/wp-content\/uploads\/2023\/09\/HJJ-Kasmir-300x179.png 300w, https:\/\/test.juniorijouset.fi\/wp-content\/uploads\/2023\/09\/HJJ-Kasmir-1024x609.png 1024w, https:\/\/test.juniorijouset.fi\/wp-content\/uploads\/2023\/09\/HJJ-Kasmir-150x89.png 150w, https:\/\/test.juniorijouset.fi\/wp-content\/uploads\/2023\/09\/HJJ-Kasmir-1536x914.png 1536w, https:\/\/test.juniorijouset.fi\/wp-content\/uploads\/2023\/09\/HJJ-Kasmir.png 1914w\" sizes=\"(max-width: 640px) 100vw, 640px\" \/>\t\t\t\t\t\t\t\t\t\t\t\t\t\t\t<\/p>\n<p><b>Kapellimestari 2022 alkaen, viuluvirtuoosi Kasmir Uusitupa<\/b><\/p>\n<p>Viulunsoiton kolmevuotiaana aloittaneen Kasmir Uusituvan opintopolku on kulkenut It\u00e4-Helsingin Musiikkiopiston ja Sibelius-Akatemian nuoriso-osaston kautta ammattiopintoihin Taideyliopiston Sibelius-Akatemiaan, Pariisin Konservatorioon ja Sveitsin kansainv\u00e4liseen Menuhin-akatemiaan, t\u00e4rkeimpin\u00e4 opettajinaan Kaija Saarikettu, Lauri Untamala, Olivier Charlier, Oleg Kaskiv ja Maxim Vengerov. Uusituvan muusikkotaustaan kuuluu runsas annos kansanmusiikkia, johon h\u00e4n kasvoi perheens\u00e4 kanssa musisoidessa. Kiinnostus eri genreihin ja improvisaatioon on pysynyt t\u00e4rke\u00e4n\u00e4 osana h\u00e4nen muusikkouttaan.<\/p>\n<p>Kovassa nousussa olevien solisti- ja kamarimusiikkiteht\u00e4viens\u00e4 ohella h\u00e4n vierailee suomen johtavissa orkestereissa konserttimestarina, ja on Helsingin Juniorijousten kapellimestari. Uusitupa on t\u00e4ydent\u00e4nyt musiikinopintojaan Jorma Panula -akatemiassa ja syksyst\u00e4 2023 Sakari Oramon kapellimestariluokalla Sibelius-Akatemiassa. Kokonaisvaltainen l\u00e4hestymistapa musiikin tekemiseen ja opiskeluun on vakiinnuttanut Uusituvan aseman yhten\u00e4 maamme monipuolisimmista uuden sukupolven muusikoista.<\/p>\n<p><b>Perustajat Csaba ja G\u00e9za Szilvay<\/b><\/p>\n<p>Helsingin Juniorijousten perustaja-kapellimestarit ovat maailmankuulut musiikkipedagogit Csaba ja G\u00e9za Szilvay.<\/p>\n<p>Csaba Szilvay on syntynyt Budapestissa. H\u00e4n opiskeli sellonsoittoa B\u00e9la Bart\u00f3k -konservatoriossa ja Budapestin musiikkiakatemiassa professori Antal Frissin oppilaana. Suoritettuaan sellotaiteilijan diplomin Budapestissa v. 1970 h\u00e4n opiskeli my\u00f6s Sibelius-Akatemiassa professori Erkki Raution johdolla. Oltuaan ensin 1971 \u2013 76 sellonsoiton lehtorina Jyv\u00e4skyl\u00e4n konservatoriossa Csaba Szilvay on toiminut sellonsoiton lehtorina It\u00e4-Helsingin Musiikkiopistossa vuodesta 1976 l\u00e4htien ja opettanut vuodesta 1978 l\u00e4htien my\u00f6s Sibelius-Akatemiassa.<\/p>\n<p>G\u00e9za Szilvay on syntynyt Budapestissa. H\u00e4n opiskeli viulunsoittoa B\u00e9la Bart\u00f3k -konservatoriossa sek\u00e4 viulupedagogiikkaa Budapestin musiikkiakatemiassa, jossa h\u00e4n suoritti diplomin v. 1966. H\u00e4n opiskeli my\u00f6s valtio- ja oikeustiedett\u00e4 ELTE:n yliopistossa Budapestissa ja v\u00e4itteli tohtoriksi v. 1970. G\u00e9za Szilvay on opettanut viulunsoittoa It\u00e4-Helsingin Musiikkiopistossa vuodesta 1971 l\u00e4htien ja toiminut vuodesta 1978 l\u00e4htien opettajana my\u00f6s Sibelius-Akatemiassa. Vuonna 1984 h\u00e4net nimitettiin It\u00e4-Helsingin Musiikkiopiston rehtoriksi. Vuonna 2009 Tasavallan Presidentti my\u00f6nsi G\u00e9za Szilvaylle professorin arvonimen.<\/p>\n<p>Szilvayn veljekset ovat saavuttaneet kansainv\u00e4list\u00e4 arvostusta sek\u00e4 jousipedagogeina ett\u00e4 lapsi- ja nuoriso-orkestereiden johtajina ja kehitt\u00e4jin\u00e4. Tunnustuksena nuorisokulttuurin hyv\u00e4ksi tekem\u00e4st\u00e4\u00e4n ty\u00f6st\u00e4 heille on my\u00f6nnetty Suomen Leijonan Ritarikunnan kunniamerkki 1981, Suomen Valtion kulttuuripalkinto 1983, Unkarin valtion kunniamerkki 1990, Helsingin kaupungin kulttuuripalkinto 1995, Pro Musica -palkinto 1999, Suomen musiikkioppilaitosten liitto ry:n Aksentti-palkinto 2005 ja Kansainv\u00e4linen Kod\u00e1ly-palkinto 2007. Csaba ja G\u00e9za Szilvay siirtyiv\u00e4t el\u00e4kkeelle vuonna 2010.<\/p>\n<p><b>Kapellimestari 2011-2022, viulutaiteilija\u00a0<\/b><strong>Jukka Rantam\u00e4ki<\/strong><\/p>\n<p>Jukka Rantam\u00e4ki aloitti viuluopintonsa G\u00e9za Szilvayn johdolla ja jatkoi Sibelius-Akatemiassa opettajinaan Jouko Ignatius, Kaija Saarikettu ja Alexander Vinnitsky. Rantam\u00e4ki soitti lapsuutensa Helsingin Juniorjousten konserttimestarina ja on ollut Tapiola Sinfoniettan II konserttimestari orkesterin perustamisesta 1987 l\u00e4htien. H\u00e4n on my\u00f6s Avanti!n vakituinen viulisti.<\/p>\n<p>Jukka Rantam\u00e4ki on toiminut Tapiola Sinfoniettan ja Avanti!n lis\u00e4ksi aktiivisesti viulistina ja konserttimestarina mm. Savonlinnan Oopperajuhlaorkesterissa, Helsingin Festivaaliorkesterissa, perustamassaan Helsingin Oratorio-orkesterissa ja viel\u00e4 barokkiviulistinakin.<\/p>\n<p>Orkesterisoittamisen ohella Rantam\u00e4ki on paneutunut orkesterin johtamiseen ja kouluttamiseen niin ammattilaiskokoonpanojen kuin nuoriso- ja opiskelijaorkestereidenkin kanssa esim. EMOssa, Metropoliassa, Tapiola Sinfoniettassa ja Avanti!ssa. Orkesterity\u00f6skentelyn lis\u00e4ksi kamarimusiikki on l\u00e4hell\u00e4 h\u00e4nen syd\u00e4nt\u00e4\u00e4n etenkin Rantam\u00e4ki-kvartetin muodossa sek\u00e4 lapsille ja nuorille suunnatussa musiikkikasvatustoiminnassa.<\/p>\n<p><b>Kapellimestari 2010-2011, Helsingin Lapsijousten ja Viikariorkesterin johtaja 2010-2013, diplomialttoviulisti Pirkko Simojoki\u00a0<\/b>aloitti viulunsoiton 5?vuotiaana G\u00e9za Szilvayn johdolla. 14?vuotiaana h\u00e4n vaihtoi alttoviuluun ja jatkoi opintojaan Sibelius?akatemiassa suorittaen alttoviulunsoiton diplomitutkinnon vuonna 1996 erinomaisin arvosanoin. H\u00e4n t\u00e4ydensi opintojaan Tel Avivin Rubin?akatemiassa. H\u00e4nen pitk\u00e4aikaisimpia ja t\u00e4rkeimpi\u00e4 alttoviulunsoiton opettajiaan ovat olleet Matti Hirvikangas ja Yuri Gandelsman. Vuodesta 1993 vuoteen 2002 Simojoki soitti Suomen Kansallisoopperan orkesterissa, ensin tuttisoittajana ja sitten vara\u00e4\u00e4nenjohtajana.<\/p>\n<p>Vuodesta 2001 Simojoki on toiminut It\u00e4?Helsingin musiikkiopiston alttoviulunsoiton lehtorina ja opettaa lis\u00e4ksi Sibelius?akatemiassa alttoviulunsoittoa ja pedagogiikkaa. H\u00e4n pit\u00e4\u00e4 s\u00e4\u00e4nn\u00f6llisesti opettajien jatkokoulutus? ja mestarikursseja Suomessa ja ulkomailla. H\u00e4n on kouluttanut Helsingin Lapsi? ja Juniorijousia yhdess\u00e4 G\u00e9za ja Csaba Szilvayn kanssa vuodesta 2000.\u00a0H\u00e4n toimi Helsingin Juniorijousten kapellimestarina\u00a02010-2011 sek\u00e4 Helsingin Lapsijouset- ja Viikariorkesterin johdossa 2010-2013. Simojoki on kehitt\u00e4nyt l\u00e4heisess\u00e4 yhteisty\u00f6ss\u00e4 G\u00e9za Szilvayn kanssa Colourstrings?metodiaalttoviululle, kirjasarjasta on julkaistu ensimm\u00e4inen osa, Viola ABC.<\/p>\n","protected":false},"excerpt":{"rendered":"<p>Kapellimestarit Kapellimestari 2022 alkaen, viuluvirtuoosi Kasmir Uusitupa Viulunsoiton kolmevuotiaana aloittaneen Kasmir Uusituvan opintopolku on kulkenut It\u00e4-Helsingin Musiikkiopiston ja Sibelius-Akatemian nuoriso-osaston kautta ammattiopintoihin Taideyliopiston Sibelius-Akatemiaan, Pariisin Konservatorioon ja Sveitsin kansainv\u00e4liseen Menuhin-akatemiaan, t\u00e4rkeimpin\u00e4 opettajinaan Kaija Saarikettu, Lauri Untamala, Olivier Charlier, Oleg Kaskiv ja Maxim Vengerov. Uusituvan muusikkotaustaan kuuluu runsas annos kansanmusiikkia, johon h\u00e4n kasvoi perheens\u00e4 kanssa musisoidessa. [&hellip;]<\/p>\n","protected":false},"author":156753792,"featured_media":0,"parent":686,"menu_order":0,"comment_status":"closed","ping_status":"closed","template":"","meta":{"footnotes":""},"_links":{"self":[{"href":"https:\/\/test.juniorijouset.fi\/index.php?rest_route=\/wp\/v2\/pages\/1937"}],"collection":[{"href":"https:\/\/test.juniorijouset.fi\/index.php?rest_route=\/wp\/v2\/pages"}],"about":[{"href":"https:\/\/test.juniorijouset.fi\/index.php?rest_route=\/wp\/v2\/types\/page"}],"author":[{"embeddable":true,"href":"https:\/\/test.juniorijouset.fi\/index.php?rest_route=\/wp\/v2\/users\/156753792"}],"replies":[{"embeddable":true,"href":"https:\/\/test.juniorijouset.fi\/index.php?rest_route=%2Fwp%2Fv2%2Fcomments&post=1937"}],"version-history":[{"count":167,"href":"https:\/\/test.juniorijouset.fi\/index.php?rest_route=\/wp\/v2\/pages\/1937\/revisions"}],"predecessor-version":[{"id":9127,"href":"https:\/\/test.juniorijouset.fi\/index.php?rest_route=\/wp\/v2\/pages\/1937\/revisions\/9127"}],"up":[{"embeddable":true,"href":"https:\/\/test.juniorijouset.fi\/index.php?rest_route=\/wp\/v2\/pages\/686"}],"wp:attachment":[{"href":"https:\/\/test.juniorijouset.fi\/index.php?rest_route=%2Fwp%2Fv2%2Fmedia&parent=1937"}],"curies":[{"name":"wp","href":"https:\/\/api.w.org\/{rel}","templated":true}]}}